{"id":118,"date":"2026-04-13T16:49:20","date_gmt":"2026-04-13T16:49:20","guid":{"rendered":"https:\/\/licus-protech.com\/?page_id=118"},"modified":"2026-04-13T16:49:20","modified_gmt":"2026-04-13T16:49:20","slug":"impressum","status":"publish","type":"page","link":"https:\/\/licus-protech.com\/en\/impressum\/","title":{"rendered":"Impressum"},"content":{"rendered":"<div class=\"wp-block-group alignfull\" style=\"padding-right:var(--wp--preset--spacing--40);padding-left:var(--wp--preset--spacing--40)\"><div class=\"wp-block-group__inner-container is-layout-constrained wp-container-core-group-is-layout-8cd669b9 wp-block-group-is-layout-constrained\">\n<h2 class=\"wp-block-heading has-text-align-center\">Impressum von LICUS<\/h2>\n\n\n\n<hr class=\"wp-block-separator has-text-color has-theme-palette-2-color has-alpha-channel-opacity has-theme-palette-2-background-color has-background is-style-wide\"\/>\n<\/div><\/div>\n\n\n\n<p style=\"padding-right:var(--wp--preset--spacing--40);padding-left:var(--wp--preset--spacing--40)\"><strong>Stephan<\/strong> <strong>Leonhard<\/strong><br>Gesch\u00e4ftsf\u00fchrer<br>Settele 5<br>87675 St\u00f6tten am Auerberg<\/p>\n\n\n\n<p style=\"padding-top:0;padding-right:var(--wp--preset--spacing--40);padding-bottom:0;padding-left:var(--wp--preset--spacing--40)\">Telefon: +4915157824102<br>E-Mail: <a href=\"mailto:Stephan.leonhard@licus-protech.com\">Stephan.leonhard@licus-protech.com<\/a><br><\/p>\n\n\n\n<p style=\"padding-right:var(--wp--preset--spacing--40);padding-left:var(--wp--preset--spacing--40)\"><strong>Umsatzsteuer-ID:<\/strong><br>Umsatzsteuer-Identifikationsnummer nach \u00a727a Umsatzsteuergesetz:<br>DE333902014<\/p>","protected":false},"excerpt":{"rendered":"<p>Impressum von LICUS Stephan LeonhardGesch\u00e4ftsf\u00fchrerSettele 587675 St\u00f6tten am Auerberg Telefon: +4915157824102E-Mail: Stephan.leonhard@licus-protech.com Umsatzsteuer-ID:Umsatzsteuer-Identifikationsnummer nach \u00a727a Umsatzsteuergesetz:DE333902014<\/p>","protected":false},"author":1,"featured_media":0,"parent":0,"menu_order":0,"comment_status":"closed","ping_status":"closed","template":"","meta":{"_monsterinsights_skip_tracking":false,"_monsterinsights_sitenote_active":false,"_monsterinsights_sitenote_note":"","_monsterinsights_sitenote_category":0,"_kadence_starter_templates_imported_post":false,"_kad_post_transparent":"","_kad_post_title":"","_kad_post_layout":"","_kad_post_sidebar_id":"","_kad_post_content_style":"","_kad_post_vertical_padding":"","_kad_post_feature":"","_kad_post_feature_position":"","_kad_post_header":false,"_kad_post_footer":false,"_kad_post_classname":"","footnotes":""},"class_list":["post-118","page","type-page","status-publish","hentry"],"_links":{"self":[{"href":"https:\/\/licus-protech.com\/en\/wp-json\/wp\/v2\/pages\/118","targetHints":{"allow":["GET"]}}],"collection":[{"href":"https:\/\/licus-protech.com\/en\/wp-json\/wp\/v2\/pages"}],"about":[{"href":"https:\/\/licus-protech.com\/en\/wp-json\/wp\/v2\/types\/page"}],"author":[{"embeddable":true,"href":"https:\/\/licus-protech.com\/en\/wp-json\/wp\/v2\/users\/1"}],"replies":[{"embeddable":true,"href":"https:\/\/licus-protech.com\/en\/wp-json\/wp\/v2\/comments?post=118"}],"version-history":[{"count":25,"href":"https:\/\/licus-protech.com\/en\/wp-json\/wp\/v2\/pages\/118\/revisions"}],"predecessor-version":[{"id":1411,"href":"https:\/\/licus-protech.com\/en\/wp-json\/wp\/v2\/pages\/118\/revisions\/1411"}],"wp:attachment":[{"href":"https:\/\/licus-protech.com\/en\/wp-json\/wp\/v2\/media?parent=118"}],"curies":[{"name":"wp","href":"https:\/\/api.w.org\/{rel}","templated":true}]}}