{"id":120,"date":"2026-04-13T16:48:32","date_gmt":"2026-04-13T16:48:32","guid":{"rendered":"https:\/\/licus-protech.com\/?page_id=120"},"modified":"2026-04-13T19:30:13","modified_gmt":"2026-04-13T19:30:13","slug":"ueber-uns","status":"publish","type":"page","link":"https:\/\/licus-protech.com\/en\/ueber-uns\/","title":{"rendered":"\u00dcber uns"},"content":{"rendered":"<div class=\"wp-block-group alignfull\" style=\"margin-top:0;margin-bottom:0;padding-top:0px;padding-right:var(--wp--preset--spacing--40);padding-bottom:0px;padding-left:var(--wp--preset--spacing--40)\"><div class=\"wp-block-group__inner-container is-layout-constrained wp-container-core-group-is-layout-0b396d7f wp-block-group-is-layout-constrained\">\n<h2 class=\"wp-block-heading alignfull has-text-align-center\"><strong> <\/strong>Gr\u00fcndungsgeschichte<\/h2>\n\n\n\n<hr class=\"wp-block-separator has-text-color has-theme-palette-2-color has-alpha-channel-opacity has-theme-palette-2-background-color has-background is-style-wide\"\/>\n\n\n\n<div class=\"wp-block-group\" style=\"padding-right:var(--wp--preset--spacing--40);padding-left:var(--wp--preset--spacing--40)\"><div class=\"wp-block-group__inner-container is-layout-constrained wp-container-core-group-is-layout-8cd669b9 wp-block-group-is-layout-constrained\">\n<h3 class=\"wp-block-heading has-text-align-center ext-animate--off\">Von der Werkbank in die Wissenschaft &#8211; und zur\u00fcck in die Praxis<\/h3>\n\n\n\n<p class=\"has-text-align-center ext-animate--off\" style=\"padding-right:0;padding-left:0\">LICUS ist nicht im Ingenieurb\u00fcro entstanden. Hinter dem Unternehmen steht ein Gr\u00fcnder, der den kompletten Weg gegangen ist &#8211; von der Werkzeugmaschine bis zur Doktorarbeit.<\/p>\n\n\n\n<p class=\"has-text-align-center\" style=\"padding-right:0;padding-left:0\">Ausgebildeter Industriemechaniker, Studium des Bauingenieurwesens und Promotion im Bereich Wasserwirtschaft mit Forschungsschwerpunkt MBBR. Diese Kombination aus handwerklichem K\u00f6nnen und wissenschaftlicher Tiefe pr\u00e4gt jede Entscheidung bei LICUS. Wir wissen, wie Kl\u00e4ranlagen funktionieren \u2013 weil wir sie von innen kennen.<\/p>\n<\/div><\/div>\n\n\n\n<div class=\"wp-block-group alignfull is-style-ext-preset--group--natural-1--section has-background-background-color has-background\" style=\"margin-top:0;margin-bottom:0;padding-top:0;padding-right:var(--wp--preset--spacing--40);padding-bottom:0;padding-left:var(--wp--preset--spacing--40)\"><div class=\"wp-block-group__inner-container is-layout-constrained wp-container-core-group-is-layout-4687f839 wp-block-group-is-layout-constrained\">\n<div class=\"wp-block-columns alignwide is-layout-flex wp-container-core-columns-is-layout-8cb6145f wp-block-columns-is-layout-flex\" style=\"padding-right:0;padding-left:0\">\n<div class=\"wp-block-column is-vertically-aligned-center ext-animate--on is-layout-flow wp-block-column-is-layout-flow\">\n<figure class=\"wp-block-pullquote has-theme-palette-1-color has-text-color has-link-color has-small-font-size wp-elements-299efc057740c956438f8b3d4098ac88\" style=\"padding-right:var(--wp--preset--spacing--40);padding-left:var(--wp--preset--spacing--40)\"><blockquote><p>Als neuer Hersteller tragen wir kein Gep\u00e4ck aus jahrzehntelangen Strukturen und eingefahrenen Denkweisen. Diese Freiheit nutzen wir f\u00fcr eines: Wir entwickeln R\u00fchrwerke konsequent aus der Perspektive der Betreiber.<\/p><cite>stephan leonhard (Gr\u00fcnder)<\/cite><\/blockquote><\/figure>\n<\/div>\n\n\n\n<div class=\"wp-block-column is-vertically-aligned-center ext-animate--on is-layout-flow wp-block-column-is-layout-flow\" style=\"padding-right:0\"><div class=\"wp-block-image is-style-ext-preset--image--natural-1--image-1--content-left ext-animate--off is-style-rounded\">\n<figure class=\"aligncenter size-medium\"><img loading=\"lazy\" decoding=\"async\" width=\"300\" height=\"300\" src=\"https:\/\/licus-protech.com\/wp-content\/uploads\/2026\/04\/1709722197436-300x300.jpeg\" alt=\"Portr\u00e4t Stephan Leonhard (Gr\u00fcnder von LICUS)\" class=\"wp-image-1034\" srcset=\"https:\/\/licus-protech.com\/wp-content\/uploads\/2026\/04\/1709722197436-300x300.jpeg 300w, https:\/\/licus-protech.com\/wp-content\/uploads\/2026\/04\/1709722197436-150x150.jpeg 150w, https:\/\/licus-protech.com\/wp-content\/uploads\/2026\/04\/1709722197436-768x768.jpeg 768w, https:\/\/licus-protech.com\/wp-content\/uploads\/2026\/04\/1709722197436-12x12.jpeg 12w, https:\/\/licus-protech.com\/wp-content\/uploads\/2026\/04\/1709722197436.jpeg 800w\" sizes=\"auto, (max-width: 300px) 100vw, 300px\" \/><figcaption class=\"wp-element-caption\">Stephan Leonhard<\/figcaption><\/figure>\n<\/div><\/div>\n<\/div>\n<\/div><\/div>\n<\/div><\/div>\n\n\n\n<div class=\"wp-block-buttons is-content-justification-center is-layout-flex wp-container-core-buttons-is-layout-16018d1d wp-block-buttons-is-layout-flex\">\n<div class=\"wp-block-button\"><a class=\"wp-block-button__link wp-element-button\" href=\"Mailto:Stephan.leonhard@licus-protech.com\">Kontaktieren Sie uns<\/a><\/div>\n<\/div>","protected":false},"excerpt":{"rendered":"<p>Gr\u00fcndungsgeschichte Von der Werkbank in die Wissenschaft &#8211; und zur\u00fcck in die Praxis LICUS ist nicht im Ingenieurb\u00fcro entstanden. Hinter dem Unternehmen steht ein Gr\u00fcnder, der den kompletten Weg gegangen ist &#8211; von der Werkzeugmaschine bis zur Doktorarbeit. Ausgebildeter Industriemechaniker, Studium des Bauingenieurwesens und Promotion im Bereich Wasserwirtschaft mit Forschungsschwerpunkt MBBR. Diese Kombination aus handwerklichem&#8230;<\/p>","protected":false},"author":1,"featured_media":0,"parent":0,"menu_order":0,"comment_status":"closed","ping_status":"closed","template":"","meta":{"_monsterinsights_skip_tracking":false,"_monsterinsights_sitenote_active":false,"_monsterinsights_sitenote_note":"","_monsterinsights_sitenote_category":0,"_kadence_starter_templates_imported_post":false,"_kad_post_transparent":"","_kad_post_title":"","_kad_post_layout":"","_kad_post_sidebar_id":"","_kad_post_content_style":"","_kad_post_vertical_padding":"","_kad_post_feature":"","_kad_post_feature_position":"","_kad_post_header":false,"_kad_post_footer":false,"_kad_post_classname":"","footnotes":""},"class_list":["post-120","page","type-page","status-publish","hentry"],"_links":{"self":[{"href":"https:\/\/licus-protech.com\/en\/wp-json\/wp\/v2\/pages\/120","targetHints":{"allow":["GET"]}}],"collection":[{"href":"https:\/\/licus-protech.com\/en\/wp-json\/wp\/v2\/pages"}],"about":[{"href":"https:\/\/licus-protech.com\/en\/wp-json\/wp\/v2\/types\/page"}],"author":[{"embeddable":true,"href":"https:\/\/licus-protech.com\/en\/wp-json\/wp\/v2\/users\/1"}],"replies":[{"embeddable":true,"href":"https:\/\/licus-protech.com\/en\/wp-json\/wp\/v2\/comments?post=120"}],"version-history":[{"count":374,"href":"https:\/\/licus-protech.com\/en\/wp-json\/wp\/v2\/pages\/120\/revisions"}],"predecessor-version":[{"id":1565,"href":"https:\/\/licus-protech.com\/en\/wp-json\/wp\/v2\/pages\/120\/revisions\/1565"}],"wp:attachment":[{"href":"https:\/\/licus-protech.com\/en\/wp-json\/wp\/v2\/media?parent=120"}],"curies":[{"name":"wp","href":"https:\/\/api.w.org\/{rel}","templated":true}]}}